{"id":129,"date":"2016-09-21T21:38:47","date_gmt":"2016-09-21T20:38:47","guid":{"rendered":"http:\/\/www.fitano.cz\/?page_id=129"},"modified":"2025-01-29T16:43:29","modified_gmt":"2025-01-29T15:43:29","slug":"cenik","status":"publish","type":"page","link":"http:\/\/www.fitano.cz\/?page_id=129","title":{"rendered":"CEN\u00cdK"},"content":{"rendered":"<h4><h2 id=\"tablepress-8-name\" class=\"tablepress-table-name tablepress-table-name-id-8\">PORADENSTV\u00cd  a  STRAVOVAC\u00cd PL\u00c1N:<\/h2>\n\n<table id=\"tablepress-8\" class=\"tablepress tablepress-id-8\" aria-labelledby=\"tablepress-8-name\">\n<tbody class=\"row-striping row-hover\">\n<tr class=\"row-1\">\n\t<td class=\"column-1\">Stravovac\u00ed -konzultace \/nastaven\u00ed j\u00eddeln\u00ed\u010dku 90 min.:<\/td><td class=\"column-2\">1550 K\u010d <\/td>\n<\/tr>\n<\/tbody>\n<\/table>\n<\/h4>\n<h4><h2 id=\"tablepress-1-name\" class=\"tablepress-table-name tablepress-table-name-id-1\">JEDNOR\u00c1ZOV\u00c9 VSTUPN\u00c9:<\/h2>\n\n<table id=\"tablepress-1\" class=\"tablepress tablepress-id-1\" aria-labelledby=\"tablepress-1-name\">\n<tbody class=\"row-striping row-hover\">\n<tr class=\"row-1\">\n\t<td class=\"column-1\">Z\u00c1KLADN\u00cd VSTUPN\u00c9 GYOHAVL\/ 55-60 min.:<\/td><td class=\"column-2\">200 K\u010d <\/td>\n<\/tr>\n<tr class=\"row-2\">\n\t<td class=\"column-1\">VSTUPN\u00c9 studio SUNDARA a  FIT FUN \/ 60 min.: <\/td><td class=\"column-2\">250 K\u010d   pro OBJEDNAN\u00c9 <\/td>\n<\/tr>\n<tr class=\"row-3\">\n\t<td class=\"column-1\">VSTUPN\u00c9 studio SUNDARA a FIT FUN \/ 60 min.: <\/td><td class=\"column-2\">270 K\u010d   pro NEOBJEDNAN\u00c9 <\/td>\n<\/tr>\n<\/tbody>\n<\/table>\n<\/h4>\n<h4><h2 id=\"tablepress-2-name\" class=\"tablepress-table-name tablepress-table-name-id-2\">PERMANENTKY FITANO:<\/h2>\n\n<table id=\"tablepress-2\" class=\"tablepress tablepress-id-2\" aria-labelledby=\"tablepress-2-name\">\n<tbody class=\"row-striping row-hover\">\n<tr class=\"row-1\">\n\t<td class=\"column-1\">permanentka 10 lekc\u00ed\/\/ platnost 4 m\u011bs\u00edce\/<\/td><td class=\"column-2\">1900 K\u010d  Gymn\u00e1zium <\/td>\n<\/tr>\n<tr class=\"row-2\">\n\t<td class=\"column-1\">permanentka 10 lekc\u00ed\/\/ platnost 4 m\u011bs\u00edce\/<\/td><td class=\"column-2\">2350 K\u010d  Fit &amp; Fun a Sundara<\/td>\n<\/tr>\n<tr class=\"row-3\">\n\t<td class=\"column-1\">permanentka 20 lekc\u00ed\/\/ platnost 5 m\u011bs\u00edc\u016f\/<\/td><td class=\"column-2\">3700 K\u010d Gymn\u00e1zium <\/td>\n<\/tr>\n<tr class=\"row-4\">\n\t<td class=\"column-1\">permanentka 20 lekc\u00ed\/\/ platnost 5 m\u011bs\u00edc\u016f\/<\/td><td class=\"column-2\">4600 K\u010d Fit &amp; Fun a Sundara <\/td>\n<\/tr>\n<\/tbody>\n<\/table>\n<\/h4>\n<h4><h2 id=\"tablepress-4-name\" class=\"tablepress-table-name tablepress-table-name-id-4\">V\u00ddHODN\u00c9 P\u0158EDPLATN\u00c9:  JOGAL\u00c1TES \/<\/h2>\n\n<table id=\"tablepress-4\" class=\"tablepress tablepress-id-4\" aria-labelledby=\"tablepress-4-name\">\n<tbody class=\"row-striping row-hover\">\n<tr class=\"row-1\">\n\t<td class=\"column-1\">KURZOVN\u00c9 JOGAL\u00c1TES na rok 2025-26\/ t\u011blocvi\u010dna GYOHAVL\/<br \/>\n<\/td><td class=\"column-2\"> 1800 K\u010d \/\/10 lekc\u00ed  nebo  2550 K\u010d \/\/15 lekc\u00ed * <\/td>\n<\/tr>\n<tr class=\"row-2\">\n\t<td class=\"column-1\">* V r\u00e1mci P\u0158EDPLATN\u00c9HO jsou mo\u017en\u00e9 n\u00e1hradn\u00ed vstupy: 10 L m\u00e1 1 n\u00e1hradn\u00ed\u00a0 vstup\/\/ 15 L m\u00e1 2 n\u00e1hradn\u00ed vstupy \/\/p\u0159i dlouhodob\u00e9 absenci jsou n\u00e1hradou Online lekce.<\/td><td class=\"column-2\">Ne\u00fa\u010dast na lekci je nutn\u00e9 zru\u0161it dop\u0159edu. N\u00e1hradn\u00ed vstup je mo\u017en\u00e9 vy\u010derpat na jakoukoliv jinou lekci po dobu trv\u00e1n\u00ed kurzu a je nep\u0159enosn\u00fd na jinou osobu. <\/td>\n<\/tr>\n<\/tbody>\n<\/table>\n<\/h4>\n<h4><h2 id=\"tablepress-17-name\" class=\"tablepress-table-name tablepress-table-name-id-17\">D\u00c1RKOV\u00c9 POUKAZY:<\/h2>\n\n<table id=\"tablepress-17\" class=\"tablepress tablepress-id-17\" aria-labelledby=\"tablepress-17-name\">\n<tbody class=\"row-striping row-hover\">\n<tr class=\"row-1\">\n\t<td class=\"column-1\">D\u00c1RKOV\u00dd POUKAZ - cvi\u010den\u00ed<\/td><td class=\"column-2\">min. hodnota 300 K\u010d<\/td>\n<\/tr>\n<tr class=\"row-2\">\n\t<td class=\"column-1\">D\u00c1RKOV\u00dd POUKAZ - wellness pobyt \/ pobyt u mo\u0159e <\/td><td class=\"column-2\">dle volby 500 - 10000 K\u010d<\/td>\n<\/tr>\n<tr class=\"row-3\">\n\t<td class=\"column-1\">D\u00c1RKOV\u00c9 POUKAZY <\/td><td class=\"column-2\">maj\u00ed platnost 1 rok od vystaven\u00ed poukazu<\/td>\n<\/tr>\n<\/tbody>\n<\/table>\n<\/h4>\n<h4><h2 id=\"tablepress-14-name\" class=\"tablepress-table-name tablepress-table-name-id-14\">P\u0158\u00cdJM\u00c1ME:<\/h2>\n\n<table id=\"tablepress-14\" class=\"tablepress tablepress-id-14\" aria-labelledby=\"tablepress-14-name\">\n<tbody class=\"row-striping row-hover\">\n<tr class=\"row-1\">\n\t<td class=\"column-1\">karty <\/td><td class=\"column-2\">FLEXI PASS CARD<br \/>\nMULTI PASS CARD<\/td><td class=\"column-3\">na m\u00edst\u011b \/ on line<\/td><td class=\"column-4\">jednor\u00e1zov\u00fd vstup<\/td><td class=\"column-5\"><\/td>\n<\/tr>\n<tr class=\"row-2\">\n\t<td class=\"column-1\">karty <\/td><td class=\"column-2\">BENEFIT PLUS<\/td><td class=\"column-3\">p\u0159es n\u00e1kupn\u00ed ko\u0161\u00edk + 17% nebo +10%  v hotovosti k cen\u011b<\/td><td class=\"column-4\">jednor\u00e1zov\u00fd vstup<\/td><td class=\"column-5\">permanentky \/ kurzy<\/td>\n<\/tr>\n<tr class=\"row-3\">\n\t<td class=\"column-1\">stravenky<\/td><td class=\"column-2\">EDENRED<\/td><td class=\"column-3\">na m\u00edst\u011b + 10%<\/td><td class=\"column-4\">jednor\u00e1zov\u00fd vstup<\/td><td class=\"column-5\">permanentky \/ kurzy\/ wellness pobyty<\/td>\n<\/tr>\n<tr class=\"row-4\">\n\t<td class=\"column-1\">stravenky<\/td><td class=\"column-2\">CH\u00c9QUE D\u00c9JEUNER<\/td><td class=\"column-3\">na m\u00edst\u011b + 10%<\/td><td class=\"column-4\">jednor\u00e1zov\u00fd vstup<\/td><td class=\"column-5\">permanentky \/ kurzy\/ wellness pobyty<\/td>\n<\/tr>\n<tr class=\"row-5\">\n\t<td class=\"column-1\">body<\/td><td class=\"column-2\">BENEFITY a.s.<\/td><td class=\"column-3\">p\u0159es n\u00e1kupn\u00ed ko\u0161\u00edk<\/td><td class=\"column-4\">jednor\u00e1zov\u00fd vstup<\/td><td class=\"column-5\">permanentky \/ kurzy<\/td>\n<\/tr>\n<tr class=\"row-6\">\n\t<td class=\"column-1\">body<\/td><td class=\"column-2\">BENEFITY a.s.<\/td><td class=\"column-3\">p\u0159es n\u00e1kupn\u00ed ko\u0161\u00edk + 17% nebo +10%  v hotovosti k cen\u011b<\/td><td class=\"column-4\">wellness pobyty <\/td><td class=\"column-5\">ly\u017ea\u0159sk\u00e1 a snb \u0161kola<\/td>\n<\/tr>\n<tr class=\"row-7\">\n\t<td class=\"column-1\">elektronick\u00e1-ti\u0161t\u011bn\u00e1<\/td><td class=\"column-2\">pouk\u00e1zka e-Ticket<\/td><td class=\"column-3\">na m\u00edst\u011b  + 10% v hotovosti<\/td><td class=\"column-4\">jednor\u00e1zov\u00fd vstup<\/td><td class=\"column-5\">permanentky \/ kurzy<\/td>\n<\/tr>\n<tr class=\"row-8\">\n\t<td class=\"column-1\">elektronick\u00e1-ti\u0161t\u011bn\u00e1<\/td><td class=\"column-2\">pouk\u00e1zka e-Ticket<\/td><td class=\"column-3\">na m\u00edst\u011b + 10% v hotovosti  <\/td><td class=\"column-4\">In line bruslen\u00ed<\/td><td class=\"column-5\">ly\u017ea\u0159sk\u00e1 a snb \u0161kola<\/td>\n<\/tr>\n<\/tbody>\n<\/table>\n<\/h4>\n\n\n<h4 class=\"wp-block-heading\"><\/h4>\n","protected":false},"excerpt":{"rendered":"","protected":false},"author":1,"featured_media":0,"parent":111,"menu_order":2,"comment_status":"closed","ping_status":"closed","template":"","meta":{"_monsterinsights_skip_tracking":false,"_monsterinsights_sitenote_active":false,"_monsterinsights_sitenote_note":"","_monsterinsights_sitenote_category":0,"footnotes":""},"class_list":["post-129","page","type-page","status-publish","hentry"],"_links":{"self":[{"href":"http:\/\/www.fitano.cz\/index.php?rest_route=\/wp\/v2\/pages\/129","targetHints":{"allow":["GET"]}}],"collection":[{"href":"http:\/\/www.fitano.cz\/index.php?rest_route=\/wp\/v2\/pages"}],"about":[{"href":"http:\/\/www.fitano.cz\/index.php?rest_route=\/wp\/v2\/types\/page"}],"author":[{"embeddable":true,"href":"http:\/\/www.fitano.cz\/index.php?rest_route=\/wp\/v2\/users\/1"}],"replies":[{"embeddable":true,"href":"http:\/\/www.fitano.cz\/index.php?rest_route=%2Fwp%2Fv2%2Fcomments&post=129"}],"version-history":[{"count":39,"href":"http:\/\/www.fitano.cz\/index.php?rest_route=\/wp\/v2\/pages\/129\/revisions"}],"predecessor-version":[{"id":8071,"href":"http:\/\/www.fitano.cz\/index.php?rest_route=\/wp\/v2\/pages\/129\/revisions\/8071"}],"up":[{"embeddable":true,"href":"http:\/\/www.fitano.cz\/index.php?rest_route=\/wp\/v2\/pages\/111"}],"wp:attachment":[{"href":"http:\/\/www.fitano.cz\/index.php?rest_route=%2Fwp%2Fv2%2Fmedia&parent=129"}],"curies":[{"name":"wp","href":"https:\/\/api.w.org\/{rel}","templated":true}]}}