{"id":19,"date":"2016-09-18T21:04:05","date_gmt":"2016-09-18T20:04:05","guid":{"rendered":"http:\/\/www.fitano.cz\/?page_id=19"},"modified":"2026-04-14T13:59:39","modified_gmt":"2026-04-14T12:59:39","slug":"in-line","status":"publish","type":"page","link":"http:\/\/www.fitano.cz\/?page_id=19","title":{"rendered":"INLINE"},"content":{"rendered":"<h3><img loading=\"lazy\" decoding=\"async\" class=\"alignnone wp-image-282 size-full\" src=\"http:\/\/www.fitano.cz\/wp-content\/uploads\/2016\/09\/inline1.png\" alt=\"inline1\" width=\"2000\" height=\"714\" srcset=\"http:\/\/www.fitano.cz\/wp-content\/uploads\/2016\/09\/inline1.png 2000w, http:\/\/www.fitano.cz\/wp-content\/uploads\/2016\/09\/inline1-300x107.png 300w, http:\/\/www.fitano.cz\/wp-content\/uploads\/2016\/09\/inline1-768x274.png 768w, http:\/\/www.fitano.cz\/wp-content\/uploads\/2016\/09\/inline1-1024x366.png 1024w\" sizes=\"auto, (max-width: 2000px) 100vw, 2000px\" \/><\/h3>\n<h5><span style=\"color: #000080;\"><strong>P\u0158\u00cdSP\u011aVEK VZP\u00a0 a ostatn\u00edch zdravotn\u00edch poji\u0161\u0165oven NA P\u0158\u00cdM\u011aSTSK\u00dd T\u00c1BOR 500-1000 K\u010d !!!<\/strong><\/span><\/h5>\n<div><a href=\"https:\/\/www.cpzp.cz\/programy\/index.php?deti\" target=\"_blank\" rel=\"noopener noreferrer\">https:\/\/www.cpzp.cz\/programy\/index.php?deti<\/a><\/div>\n<p><a href=\"https:\/\/www.klubpevnehozdravi.cz\/deti\/\">www.vzp.cz<\/a><\/p>\n<h5><strong>CO\u00a0JE\u00a0P\u0158\u00cdM\u011aSTSK\u00dd CAMP-T\u00c1BOR ?<\/strong><\/h5>\n<p>P\u0159\u00edm\u011bstsk\u00fd t\u00e1bor je alternativou ke klasick\u00fdm v\u00edcedenn\u00edm t\u00e1bor\u016fm &#8211; kon\u00e1 se ve m\u011bst\u011b a jedn\u00e1 se o jednodenn\u00ed t\u00e1bor. Pro d\u011bti je zde p\u0159ipraven\u00fd bohat\u00fd program p\u0159es pracovn\u00ed den a v podve\u010der se vrac\u00ed dom\u016f, za svou rodinou.<\/p>\n<h5><strong>PRO\u00a0KOHO\u00a0JE\u00a0N\u00c1\u0160\u00a0P\u0158\u00cdM\u011aSTSK\u00dd\u00a0T\u00c1BOR UR\u010cEN ?<\/strong><\/h5>\n<p>Pro v\u0161echny kluky a holky od 6 -16 let, kte\u0159\u00ed si cht\u011bj\u00ed zasportovat a poznat nov\u00e9 kamar\u00e1dy.<\/p>\n<h5><strong>PRO\u010c\u00a0SV\u00c9\u00a0D\u011aTI\u00a0P\u0158IHL\u00c1SIT\u00a0NA\u00a0P\u0158\u00cdM\u011aSTSK\u00dd T\u00c1BOR ?<\/strong><\/h5>\n<p>Proto\u017ee d\u011bti nebudou tr\u00e1vit sv\u016fj voln\u00fd \u010das na ulic\u00edch nebo doma u po\u010d\u00edta\u010de a z\u00e1rove\u0148 jim d\u00e1v\u00e1te mo\u017enost vyzkou\u0161et si sporty, kter\u00fdm se mohou pozd\u011bji v\u011bnovat. Rodi\u010de mohou b\u00fdt v pr\u00e1ci a o jejich d\u011bti bude profesion\u00e1ln\u011b postar\u00e1no z\u00e1bavnou formou.<\/p>\n<h5><strong>NA\u00a0CO\u00a0JE\u00a0P\u0158\u00cdM\u011aSTSK\u00dd\u00a0T\u00c1BOR ZAM\u011a\u0158EN ?<\/strong><\/h5>\n<p><strong>Tento t\u00e1bor je zam\u011b\u0159en na v\u00fduku j\u00edzdy na in-line brusl\u00edch, waveboardu<\/strong> a dal\u0161\u00ed sportovn\u00ed aktivity, kde si d\u011bti vytv\u00e1\u0159ej\u00ed pozitivn\u00ed p\u0159\u00edstup ke sportu a hlavn\u011b zkou\u0161ej\u00ed nov\u00e9 v\u011bci.<\/p>\n<h5><strong>KDY\u00a0A\u00a0KDE\u00a0SE\u00a0P\u0158\u00cdM\u011aSTSK\u00dd\u00a0T\u00c1BOR KON\u00c1 ?<\/strong><\/h5>\n<p>Leto\u0161n\u00ed novinkou jsou nov\u00e9 \u00fa\u017easn\u00e9 prostory se z\u00e1zem\u00edm h\u0159i\u0161\u0165 a plochy na bruslen\u00ed. V\u0161e na jednom m\u00edst\u011b. T\u00e1bor se bude konat v nov\u00fdch prostor\u00e1ch sportovn\u00edho are\u00e1lu Bistro na kurtech:\u00a0 U Bo\u0159\u00edka 280\/369 Ostrava-Nov\u00e1 Ves. V cen\u011b je zahrnut\u00a0 ob\u011bd (pol\u00e9vka + hlavn\u00ed j\u00eddlo) a pitn\u00fd re\u017eim po celou dobu campu. Na sva\u010dinky bude k dispozici mo\u017enost zakoupen\u00ed p\u00e1rku v rohl\u00edku, toasty \u0161unka a s\u00fdr, pala\u010dinky, \u010dokol\u00e1da,<br \/>\n\u010daj a spousta levn\u00e9ho nealka.<br \/>\nNapl\u00e1novan\u00e9 term\u00edny:<\/p>\n<ul>\n<li><span style=\"color: #808000;\">3. &#8211; 7. srpna 2026 \/ celkem 25 m\u00edst\u00a0 \u00a0\/\/ Obsazeno: 12 m\u00edsta\/\/\u00a0 Voln\u00fdch: 13 m\u00edst \/\/<\/span><br \/>\nV\u00fduka\u00a0 na<strong> Inlinech<\/strong> i na<strong> waveboardu.<\/strong><\/li>\n<\/ul>\n<h5><strong>JAK\u00dd\u00a0JE\u00a0PROGRAM\u00a0A\u00a0CENA\u00a0P\u0158\u00cdM\u011aSTSK\u00c9HO T\u00c1BORA ?<\/strong><\/h5>\n<p>Program je napl\u00e1nov\u00e1n od 8hod. do 16hod.<\/p>\n<ul>\n<li>\u00a0\u00a08:00h \u2013 \u00a0\u00a08:30h &#8211; p\u0159iveden\u00ed d\u011bt\u00ed do sportovn\u00edho are\u00e1lu Ostrava -Nov\u00e1 Ves<\/li>\n<li>\u00a0\u00a08:30h \u2013 10:00h &#8211; program INLINE t\u00e1bora<\/li>\n<li>10:00h \u2013 10:30h &#8211; sva\u010dinka, odpo\u010dinek<\/li>\n<li>10:30h \u2013 12:00h &#8211; program INLINE t\u00e1bora<\/li>\n<li>12:30h \u2013 13:30h &#8211; ob\u011bd (pol\u00e9vka, hlavn\u00ed chod)<\/li>\n<li>14:00h \u2013 15:30h &#8211; sportovn\u00ed program t\u00e1bora<\/li>\n<li>15:30h \u2013 16:00h &#8211; vyzvednut\u00ed d\u011bt\u00ed ve sportovn\u00edm are\u00e1lu Ostrava -Nov\u00e1 Ves<\/li>\n<\/ul>\n<h5><span style=\"color: #808000;\"><b>CENA T\u00c1BORA \u010cIN\u00cd :\u00a0 3470 K\u010d<\/b><\/span><\/h5>\n","protected":false},"excerpt":{"rendered":"<p>P\u0158\u00cdSP\u011aVEK VZP\u00a0 a ostatn\u00edch zdravotn\u00edch poji\u0161\u0165oven NA P\u0158\u00cdM\u011aSTSK\u00dd T\u00c1BOR 500-1000 K\u010d !!! https:\/\/www.cpzp.cz\/programy\/index.php?deti www.vzp.cz CO\u00a0JE\u00a0P\u0158\u00cdM\u011aSTSK\u00dd CAMP-T\u00c1BOR ? P\u0159\u00edm\u011bstsk\u00fd t\u00e1bor je alternativou ke klasick\u00fdm v\u00edcedenn\u00edm t\u00e1bor\u016fm &#8211; kon\u00e1 se ve m\u011bst\u011b [&hellip;]<\/p>\n","protected":false},"author":1,"featured_media":0,"parent":0,"menu_order":7,"comment_status":"closed","ping_status":"closed","template":"","meta":{"_monsterinsights_skip_tracking":false,"_monsterinsights_sitenote_active":false,"_monsterinsights_sitenote_note":"","_monsterinsights_sitenote_category":0,"footnotes":""},"class_list":["post-19","page","type-page","status-publish","hentry"],"_links":{"self":[{"href":"http:\/\/www.fitano.cz\/index.php?rest_route=\/wp\/v2\/pages\/19","targetHints":{"allow":["GET"]}}],"collection":[{"href":"http:\/\/www.fitano.cz\/index.php?rest_route=\/wp\/v2\/pages"}],"about":[{"href":"http:\/\/www.fitano.cz\/index.php?rest_route=\/wp\/v2\/types\/page"}],"author":[{"embeddable":true,"href":"http:\/\/www.fitano.cz\/index.php?rest_route=\/wp\/v2\/users\/1"}],"replies":[{"embeddable":true,"href":"http:\/\/www.fitano.cz\/index.php?rest_route=%2Fwp%2Fv2%2Fcomments&post=19"}],"version-history":[{"count":132,"href":"http:\/\/www.fitano.cz\/index.php?rest_route=\/wp\/v2\/pages\/19\/revisions"}],"predecessor-version":[{"id":9206,"href":"http:\/\/www.fitano.cz\/index.php?rest_route=\/wp\/v2\/pages\/19\/revisions\/9206"}],"wp:attachment":[{"href":"http:\/\/www.fitano.cz\/index.php?rest_route=%2Fwp%2Fv2%2Fmedia&parent=19"}],"curies":[{"name":"wp","href":"https:\/\/api.w.org\/{rel}","templated":true}]}}