{"id":23,"date":"2016-09-18T21:04:33","date_gmt":"2016-09-18T20:04:33","guid":{"rendered":"http:\/\/www.fitano.cz\/?page_id=23"},"modified":"2025-04-30T15:06:37","modified_gmt":"2025-04-30T14:06:37","slug":"kontakt","status":"publish","type":"page","link":"http:\/\/www.fitano.cz\/?page_id=23","title":{"rendered":"KONTAKT"},"content":{"rendered":"<h4 style=\"text-align: center;\"><span style=\"color: #000000;\"><strong>SPORTOVN\u00cd AGENTURA FITANO CLUB<\/strong><\/span><\/h4>\n<h4 style=\"text-align: center;\"><strong>Mgr. Mark\u00e9ta Stoklasov\u00e1<br \/><\/strong>Ale\u0161e Hrdli\u010dky 1632\/16<br \/>708 00 Ostrava &#8211; Poruba<\/h4>\n<h5 style=\"text-align: center;\">telefon: <strong>604 366 066<br \/><\/strong>e mail: <span style=\"color: #4336ff;\">info@fitano.cz<\/span><\/h5>\n<h5 style=\"text-align: center;\">facebook: <span style=\"color: #4336ff;\"><a style=\"color: #4336ff;\" href=\"http:\/\/www.facebook.com\/marketa.stoklasova\">www.facebook.com\/marketa.stoklasova<\/a><\/span><\/h5>\n<h4>\u00a0<\/h4>\n<h4 style=\"text-align: center;\">Chce\u0161 platit?<br \/>Sta\u010d\u00ed doplnit \u010d\u00e1stku, kterou m\u00e1\u0161 uhradit.<br \/>ZDE<br \/>QR k\u00f3d s bankovn\u00edmi \u00fadaji:<\/h4>\n<h4 style=\"text-align: center;\"><img loading=\"lazy\" decoding=\"async\" class=\"alignnone  wp-image-8008\" src=\"http:\/\/www.fitano.cz\/wp-content\/uploads\/2025\/01\/IMG-20250123-WA0001.jpg\" alt=\"\" width=\"228\" height=\"228\" srcset=\"http:\/\/www.fitano.cz\/wp-content\/uploads\/2025\/01\/IMG-20250123-WA0001.jpg 450w, http:\/\/www.fitano.cz\/wp-content\/uploads\/2025\/01\/IMG-20250123-WA0001-300x300.jpg 300w, http:\/\/www.fitano.cz\/wp-content\/uploads\/2025\/01\/IMG-20250123-WA0001-150x150.jpg 150w\" sizes=\"auto, (max-width: 228px) 100vw, 228px\" \/><\/h4>\n<h4 style=\"text-align: center;\"><span style=\"text-decoration: underline;\"><strong>M\u00cdSTA\u00a0KDE PROVOZUJEME CVI\u010cEN\u00cd:<\/strong><\/span><\/h4>\n<p><a href=\"https:\/\/mapy.com\/en\/zakladni?vlastni-body&amp;dim=68122c715085a23d9ee670b5&amp;x=18.2077950&amp;y=49.8340026&amp;z=14\" data-wp-editing=\"1\"><img loading=\"lazy\" decoding=\"async\" class=\"alignnone wp-image-8444 size-full\" src=\"http:\/\/www.fitano.cz\/wp-content\/uploads\/2025\/04\/mapa1.png\" alt=\"\" width=\"1255\" height=\"690\" srcset=\"http:\/\/www.fitano.cz\/wp-content\/uploads\/2025\/04\/mapa1.png 1255w, http:\/\/www.fitano.cz\/wp-content\/uploads\/2025\/04\/mapa1-300x165.png 300w, http:\/\/www.fitano.cz\/wp-content\/uploads\/2025\/04\/mapa1-1024x563.png 1024w, http:\/\/www.fitano.cz\/wp-content\/uploads\/2025\/04\/mapa1-150x82.png 150w, http:\/\/www.fitano.cz\/wp-content\/uploads\/2025\/04\/mapa1-768x422.png 768w\" sizes=\"auto, (max-width: 1255px) 100vw, 1255px\" \/><\/a><\/p>\n\n\n<p><\/p>\n","protected":false},"excerpt":{"rendered":"<p>SPORTOVN\u00cd AGENTURA FITANO CLUB Mgr. Mark\u00e9ta Stoklasov\u00e1Ale\u0161e Hrdli\u010dky 1632\/16708 00 Ostrava &#8211; Poruba telefon: 604 366 066e mail: info@fitano.cz facebook: www.facebook.com\/marketa.stoklasova \u00a0 Chce\u0161 platit?Sta\u010d\u00ed doplnit \u010d\u00e1stku, kterou m\u00e1\u0161 uhradit.ZDEQR k\u00f3d [&hellip;]<\/p>\n","protected":false},"author":1,"featured_media":0,"parent":0,"menu_order":9,"comment_status":"closed","ping_status":"closed","template":"","meta":{"_monsterinsights_skip_tracking":false,"_monsterinsights_sitenote_active":false,"_monsterinsights_sitenote_note":"","_monsterinsights_sitenote_category":0,"footnotes":""},"class_list":["post-23","page","type-page","status-publish","hentry"],"_links":{"self":[{"href":"http:\/\/www.fitano.cz\/index.php?rest_route=\/wp\/v2\/pages\/23","targetHints":{"allow":["GET"]}}],"collection":[{"href":"http:\/\/www.fitano.cz\/index.php?rest_route=\/wp\/v2\/pages"}],"about":[{"href":"http:\/\/www.fitano.cz\/index.php?rest_route=\/wp\/v2\/types\/page"}],"author":[{"embeddable":true,"href":"http:\/\/www.fitano.cz\/index.php?rest_route=\/wp\/v2\/users\/1"}],"replies":[{"embeddable":true,"href":"http:\/\/www.fitano.cz\/index.php?rest_route=%2Fwp%2Fv2%2Fcomments&post=23"}],"version-history":[{"count":72,"href":"http:\/\/www.fitano.cz\/index.php?rest_route=\/wp\/v2\/pages\/23\/revisions"}],"predecessor-version":[{"id":8450,"href":"http:\/\/www.fitano.cz\/index.php?rest_route=\/wp\/v2\/pages\/23\/revisions\/8450"}],"wp:attachment":[{"href":"http:\/\/www.fitano.cz\/index.php?rest_route=%2Fwp%2Fv2%2Fmedia&parent=23"}],"curies":[{"name":"wp","href":"https:\/\/api.w.org\/{rel}","templated":true}]}}