{"id":4044,"date":"2020-11-26T09:25:46","date_gmt":"2020-11-26T08:25:46","guid":{"rendered":"http:\/\/www.fitano.cz\/?page_id=4044"},"modified":"2023-09-26T08:49:48","modified_gmt":"2023-09-26T07:49:48","slug":"obchodni-podminky","status":"publish","type":"page","link":"http:\/\/www.fitano.cz\/?page_id=4044","title":{"rendered":"OBCHODN\u00cd PODM\u00cdNKY"},"content":{"rendered":"\n<p>Mgr. Mark\u00e9ta Stoklasov\u00e1, sportovn\u00ed agentura&nbsp; FITANO club, Ale\u0161e Hrdli\u010dky 1632\/16, Ostrava \u2013 Poruba 708 00, I\u010c: 62270222, DI\u010c: CZ7358095547, d\u00e1le jen jako \u201esportovn\u00ed agentura\u201c.<\/p>\n\n\n\n<p><strong>OBECN\u00c9 INFORMACE K&nbsp;\u00da\u010cASTI NA WELLNESS POBYTECH\/ KURZECH\/ SPORTOVN\u00cdCH AKC\u00cdCH\/ CVI\u010cEBN\u00cdCH LEKC\u00cdCH<\/strong><\/p>\n\n\n\n<p>Dle aktu\u00e1ln\u00edho rozpisu cvi\u010den\u00ed se konaj\u00ed 55 minutov\u00e9 lekce ( TRX, Fitness dance, Body rock &#8211; spalova\u010dka, Step aerobik) a&nbsp;jin\u00e9 kurzy (Zdrav\u00e1 z\u00e1da, Pilates, Power j\u00f3ga). Zm\u011bny n\u00e1zv\u016f lekc\u00ed i kurz\u016f mo\u017en\u00e9 dle \u201eaktu\u00e1ln\u00edho rozpisu\u201c)<\/p>\n\n\n\n<p>\u00da\u010dastn\u00edk se na lekci \u010di kurz dostav\u00ed v\u017edy nejpozd\u011bji 5 minut p\u0159ed zah\u00e1jen\u00edm lekce. Platbou za cel\u00fd kurz \u201ekurzovn\u00e9\u201c si z\u00e1kazn\u00edk rezervuje m\u00edsto na kurzu po celou dobu trv\u00e1n\u00ed kurzu. Na jednotliv\u00e9 lekce, kdy si klient hrad\u00ed \u201ejednotliv\u00e9 vstupy\u201c nen\u00ed rezervace zaji\u0161t\u011bna, zde se lze objednat SMS zpr\u00e1vou v&nbsp;provozn\u00ed dob\u011b sportovn\u00ed agentury 9 &#8211; 19 hod. Po-P\u00e1 postup viz \u201erezervace\u201c.<\/p>\n\n\n\n<p>Ke \u201ekurzovn\u00e9mu\u201c m\u00e1 ka\u017ed\u00fd ze z\u00e1kazn\u00edk\u016f mo\u017enost&nbsp;n\u00e1hrady dvou zame\u0161kan\u00fdch \u00fa\u010dast\u00ed v&nbsp;pr\u016fb\u011bhu kurzu, pokud se z&nbsp;lekc\u00ed \u0159\u00e1dn\u011b omluv\u00ed, viz \u201ezru\u0161en\u00ed rezervace\u201c, bude mu zasl\u00e1n odkaz na Online lekci jeho kurzu, kter\u00e1 mu bude k&nbsp;dispozici minim\u00e1ln\u011b po dobu trv\u00e1n\u00ed kurzu.<\/p>\n\n\n\n<p>Ka\u017ed\u00fd kurz se otev\u00edr\u00e1 od po\u010dtu 6 osob.<\/p>\n\n\n\n<p><strong>P\u0158IHL\u00c1\u0160KA NA KURZ<\/strong><\/p>\n\n\n\n<p>Na kurz se lze p\u0159ihl\u00e1sit prost\u0159ednictv\u00edm e mailu \u010di telefonicky. \u00da\u010dast na kurzu, wellness pobytu, sportovn\u00edm pobytu aj. se st\u00e1v\u00e1 z\u00e1vaznou.  Zaplacen\u00ed kurzovn\u00e9ho lze prov\u00e9st bankovn\u00edm p\u0159evodem na \u00fa\u010det agentury \u010di v&nbsp;hotovosti na recepci clubu.<\/p>\n\n\n\n<p><strong>Smluvn\u00ed vztah<\/strong><\/p>\n\n\n\n<p>Smlouva je mezi kupuj\u00edc\u00edm (z\u00e1kazn\u00edk, objednatel slu\u017eeb) a&nbsp;prod\u00e1vaj\u00edc\u00edm (sportovn\u00ed agentura FITANO club) uzav\u0159ena v&nbsp;okam\u017eiku p\u0159ips\u00e1n\u00ed pen\u011b\u017eit\u00e9 \u010d\u00e1stky na \u00fa\u010det agentury \u010di zaplacen\u00edm hotovosti na recepci sportovn\u00ed agentury. Pokud klient <strong>potvrd\u00ed rezervaci opakovan\u011b ( mailem, \u00fastn\u011b \u010di SMS) nebo po\u0161le z\u00e1vaznou p\u0159ihl\u00e1\u0161ku  <\/strong>i po splatnosti term\u00ednu st\u00e1v\u00e1 se rezervace z\u00e1vaznou a postupuje se jakoby akce byla v pln\u00e9 v\u00fd\u0161i uhrazena, z \u010deho\u017e vypl\u00fdvaj\u00ed z\u00e1vazky klienta v\u016f\u010di prod\u00e1vaj\u00edc\u00edmu.<\/p>\n\n\n\n<p><strong>P\u0159eru\u0161en\u00ed kurzu z\u00e1sahem vy\u0161\u0161\u00ed moci<\/strong><\/p>\n\n\n\n<p>\u010di na\u0159\u00edzen\u00edm vl\u00e1dy nebo jin\u00fdm st\u00e1tn\u00edm z\u00e1sahem, bez zavin\u011bn\u00ed p\u0159eru\u0161en\u00ed kurzu sportovn\u00ed agenturou znamen\u00e1, \u017ee sportovn\u00ed agentura p\u0159istoup\u00ed k&nbsp;distan\u010dn\u00ed form\u011b vys\u00edl\u00e1n\u00ed lekc\u00ed Online, kdy klient obdr\u017e\u00ed odkazy na nato\u010den\u00e9 lekce jejich kurzu a je PLNOHODNOTNOU N\u00c1HRADOU lekc\u00ed kurzu. Sportovn\u00ed agentura si vyhrazuje pr\u00e1vo, \u017ee po\u010det Online lekc\u00ed nemus\u00ed b\u00fdt shodn\u00fd s&nbsp;po\u010dtem lekc\u00ed v&nbsp;kurzu, proto\u017ee nahran\u00e9 lekce mohou klienti vyu\u017e\u00edvat opakovan\u011b a to minim\u00e1ln\u011b po dobu kon\u00e1n\u00ed jejich kurzu. Jako adekv\u00e1tn\u00ed pln\u011bn\u00ed ze strany sportovn\u00ed agentury je 70% pln\u011bn\u00ed v po\u010dtu zame\u0161kan\u00fdch lekc\u00ed. Pokud nem\u00e1 sportovn\u00ed agentura e mailov\u00fd kontakt na klienta, je na klientovi, aby si o tyto odkazy na lekce poslal \u017e\u00e1dost&nbsp; na e mail sportovn\u00ed agentury: info@fitano.cz.<\/p>\n\n\n\n<p><\/p>\n\n\n\n<p><strong>Odstoupen\u00ed od smlouvy<\/strong><\/p>\n\n\n\n<p>1. P\u0159i p\u0159ihl\u00e1\u0161en\u00ed na kurz\/ workshop \/ sportovn\u00ed pobyt\/ wellness pobyt je nutn\u00e9, aby byla \u010d\u00e1stka p\u0159ips\u00e1na do 24 hodin jinak bude rezervace automaticky stornov\u00e1na. Pokud se hl\u00e1s\u00edte m\u00e9n\u011b ne\u017e 3 dny p\u0159ed zah\u00e1jen\u00edm akce, mus\u00ed b\u00fdt uhrazena okam\u017eit\u011b.  <\/p>\n\n\n\n<p>2. V p\u0159\u00edpad\u011b storna sportovn\u00ed akce\/ kurzu\/ wellness pobytu v\u00edce ne\u017e 14\u00a0dn\u00ed p\u0159ed zah\u00e1jen\u00edm kurzu, bude \u00fa\u010dtov\u00e1n storno poplatek 50% (tzn. bude v\u00e1m 50% vr\u00e1ceno). <\/p>\n\n\n\n<p>3. Pokud se klient na zvolen\u00fd kurz\/ pobyt  neomluv\u00ed 14 dn\u00ed dop\u0159edu \u010di se nedostav\u00ed, je agentura opr\u00e1vn\u011bna ponechat si stoprocentn\u00ed v\u00fd\u0161i ceny. Mo\u017enost\u00ed je sv\u00e9 m\u00edsto p\u0159ev\u00e9st na jinou osobu. Zaplacen\u00edm akce souhlas\u00edte se storno podm\u00ednkami.<\/p>\n\n\n\n<p><\/p>\n","protected":false},"excerpt":{"rendered":"<p>Mgr. Mark\u00e9ta Stoklasov\u00e1, sportovn\u00ed agentura&nbsp; FITANO club, Ale\u0161e Hrdli\u010dky 1632\/16, Ostrava \u2013 Poruba 708 00, I\u010c: 62270222, DI\u010c: CZ7358095547, d\u00e1le jen jako \u201esportovn\u00ed agentura\u201c. OBECN\u00c9 INFORMACE K&nbsp;\u00da\u010cASTI NA WELLNESS POBYTECH\/ [&hellip;]<\/p>\n","protected":false},"author":1,"featured_media":0,"parent":111,"menu_order":6,"comment_status":"closed","ping_status":"closed","template":"","meta":{"_monsterinsights_skip_tracking":false,"_monsterinsights_sitenote_active":false,"_monsterinsights_sitenote_note":"","_monsterinsights_sitenote_category":0,"footnotes":""},"class_list":["post-4044","page","type-page","status-publish","hentry"],"_links":{"self":[{"href":"http:\/\/www.fitano.cz\/index.php?rest_route=\/wp\/v2\/pages\/4044","targetHints":{"allow":["GET"]}}],"collection":[{"href":"http:\/\/www.fitano.cz\/index.php?rest_route=\/wp\/v2\/pages"}],"about":[{"href":"http:\/\/www.fitano.cz\/index.php?rest_route=\/wp\/v2\/types\/page"}],"author":[{"embeddable":true,"href":"http:\/\/www.fitano.cz\/index.php?rest_route=\/wp\/v2\/users\/1"}],"replies":[{"embeddable":true,"href":"http:\/\/www.fitano.cz\/index.php?rest_route=%2Fwp%2Fv2%2Fcomments&post=4044"}],"version-history":[{"count":16,"href":"http:\/\/www.fitano.cz\/index.php?rest_route=\/wp\/v2\/pages\/4044\/revisions"}],"predecessor-version":[{"id":6828,"href":"http:\/\/www.fitano.cz\/index.php?rest_route=\/wp\/v2\/pages\/4044\/revisions\/6828"}],"up":[{"embeddable":true,"href":"http:\/\/www.fitano.cz\/index.php?rest_route=\/wp\/v2\/pages\/111"}],"wp:attachment":[{"href":"http:\/\/www.fitano.cz\/index.php?rest_route=%2Fwp%2Fv2%2Fmedia&parent=4044"}],"curies":[{"name":"wp","href":"https:\/\/api.w.org\/{rel}","templated":true}]}}