{"id":802,"date":"2016-10-30T13:45:46","date_gmt":"2016-10-30T12:45:46","guid":{"rendered":"http:\/\/www.fitano.cz\/?page_id=802"},"modified":"2026-03-09T08:24:05","modified_gmt":"2026-03-09T07:24:05","slug":"rozpis-cviceni","status":"publish","type":"page","link":"http:\/\/www.fitano.cz\/?page_id=802","title":{"rendered":"ROZPIS CVI\u010cEN\u00cd"},"content":{"rendered":"\n<p><strong>AKTU\u00c1LN\u00cd T\u00ddDENN\u00cd&nbsp; PROVOZ LEKC\u00cd&nbsp; je up\u0159esn\u011bn v novink\u00e1ch. <\/strong><\/p>\n\n\n\n<p><span style=\"color: #000000;\"><strong>Objedn\u00e1vejte se na tel.: 604 366 066&nbsp; SMS, whats up , messenger.<\/strong><\/span><\/p>\n\n\n\n<p><span style=\"color: #000000;\"><strong>Lekce se plat\u00ed p\u0159i vstupu do t\u011blocvi\u010dny tren\u00e9rovi a<b>&nbsp;konaj\u00ed p\u0159i minim\u00e1ln\u00edm po\u010dtu 6 objednan\u00fdch klient\u016f<\/b><b>.<\/b><\/strong><\/span><\/p>\n\n\n\n<figure class=\"wp-block-image size-full\"><img loading=\"lazy\" decoding=\"async\" width=\"808\" height=\"415\" src=\"http:\/\/www.fitano.cz\/wp-content\/uploads\/2026\/03\/ROZPIS-BREZEN-2026.png\" alt=\"\" class=\"wp-image-9090\" srcset=\"http:\/\/www.fitano.cz\/wp-content\/uploads\/2026\/03\/ROZPIS-BREZEN-2026.png 808w, http:\/\/www.fitano.cz\/wp-content\/uploads\/2026\/03\/ROZPIS-BREZEN-2026-300x154.png 300w, http:\/\/www.fitano.cz\/wp-content\/uploads\/2026\/03\/ROZPIS-BREZEN-2026-150x77.png 150w, http:\/\/www.fitano.cz\/wp-content\/uploads\/2026\/03\/ROZPIS-BREZEN-2026-768x394.png 768w\" sizes=\"auto, (max-width: 808px) 100vw, 808px\" \/><\/figure>\n\n\n\n<h3 class=\"wp-block-heading\"><span style=\"text-decoration: underline;\"><strong>STUPE\u0147 N\u00c1RO\u010cNOSTI CVI\u010cEBN\u00cdCH HODIN ozna\u010dujeme :<\/strong> <\/span><\/h3>\n\n\n\n<h5 class=\"wp-block-heading\">1 &#8211; NI\u017d\u0160\u00cd N\u00c1RO\u010cNOST<\/h5>\n\n\n\n<h5 class=\"wp-block-heading\">2 &#8211; ST\u0158EDN\u00cd N\u00c1RO\u010cNOST<\/h5>\n\n\n\n<h5 class=\"wp-block-heading\">3 &#8211; VY\u0160\u0160\u00cd N\u00c1RO\u010cNOST<\/h5>\n\n\n\n<h3 class=\"wp-block-heading\"><strong><span style=\"text-decoration: underline;\">ODKAZY NA MAP\u011a NA T\u011aLOCVI\u010cNY:<\/span><\/strong><\/h3>\n\n\n\n<h2 class=\"wp-block-heading\"><figure><img loading=\"lazy\" decoding=\"async\" class=\"alignnone size-full wp-image-4111\" src=\"http:\/\/www.fitano.cz\/wp-content\/uploads\/2020\/12\/mapa1.png\" alt=\"\" width=\"1000\" height=\"357\" srcset=\"http:\/\/www.fitano.cz\/wp-content\/uploads\/2020\/12\/mapa1.png 1000w, http:\/\/www.fitano.cz\/wp-content\/uploads\/2020\/12\/mapa1-300x107.png 300w, http:\/\/www.fitano.cz\/wp-content\/uploads\/2020\/12\/mapa1-150x54.png 150w, http:\/\/www.fitano.cz\/wp-content\/uploads\/2020\/12\/mapa1-768x274.png 768w\" sizes=\"auto, (max-width: 1000px) 100vw, 1000px\" \/><\/figure><\/h2>\n","protected":false},"excerpt":{"rendered":"<p>AKTU\u00c1LN\u00cd T\u00ddDENN\u00cd&nbsp; PROVOZ LEKC\u00cd&nbsp; je up\u0159esn\u011bn v novink\u00e1ch. Objedn\u00e1vejte se na tel.: 604 366 066&nbsp; SMS, whats up , messenger. Lekce se plat\u00ed p\u0159i vstupu do t\u011blocvi\u010dny tren\u00e9rovi a&nbsp;konaj\u00ed p\u0159i [&hellip;]<\/p>\n","protected":false},"author":1,"featured_media":0,"parent":111,"menu_order":1,"comment_status":"closed","ping_status":"closed","template":"","meta":{"_monsterinsights_skip_tracking":false,"_monsterinsights_sitenote_active":false,"_monsterinsights_sitenote_note":"","_monsterinsights_sitenote_category":0,"footnotes":""},"class_list":["post-802","page","type-page","status-publish","hentry"],"_links":{"self":[{"href":"http:\/\/www.fitano.cz\/index.php?rest_route=\/wp\/v2\/pages\/802","targetHints":{"allow":["GET"]}}],"collection":[{"href":"http:\/\/www.fitano.cz\/index.php?rest_route=\/wp\/v2\/pages"}],"about":[{"href":"http:\/\/www.fitano.cz\/index.php?rest_route=\/wp\/v2\/types\/page"}],"author":[{"embeddable":true,"href":"http:\/\/www.fitano.cz\/index.php?rest_route=\/wp\/v2\/users\/1"}],"replies":[{"embeddable":true,"href":"http:\/\/www.fitano.cz\/index.php?rest_route=%2Fwp%2Fv2%2Fcomments&post=802"}],"version-history":[{"count":231,"href":"http:\/\/www.fitano.cz\/index.php?rest_route=\/wp\/v2\/pages\/802\/revisions"}],"predecessor-version":[{"id":9092,"href":"http:\/\/www.fitano.cz\/index.php?rest_route=\/wp\/v2\/pages\/802\/revisions\/9092"}],"up":[{"embeddable":true,"href":"http:\/\/www.fitano.cz\/index.php?rest_route=\/wp\/v2\/pages\/111"}],"wp:attachment":[{"href":"http:\/\/www.fitano.cz\/index.php?rest_route=%2Fwp%2Fv2%2Fmedia&parent=802"}],"curies":[{"name":"wp","href":"https:\/\/api.w.org\/{rel}","templated":true}]}}