{"id":2,"date":"2016-09-18T19:26:11","date_gmt":"2016-09-18T18:26:11","guid":{"rendered":"http:\/\/www.fitano.cz\/?page_id=2"},"modified":"2025-02-20T23:10:56","modified_gmt":"2025-02-20T22:10:56","slug":"zkusebni-stranka","status":"publish","type":"page","link":"https:\/\/www.fitano.cz\/","title":{"rendered":"NOVINKY"},"content":{"rendered":"<p>On line lekce najdete na YouTube kan\u00e1le\/FITANO club.<\/p>\n<h5><strong>p\u0159ipojit se m\u016f\u017eete p\u0159es:\u00a0 \u00a0 \u00a0 \u00a0 \u00a0 \u00a0 \u00a0 \u00a0 \u00a0 \u00a0 \u00a0 \u00a0 \u00a0 \u00a0 \u00a0 \u00a0 \u00a0 \u00a0telefon:\u00a0 \u00a0 \u00a0 \u00a0 \u00a0 \u00a0 \u00a0 \u00a0 \u00a0 \u00a0 \u00a0 \u00a0 \u00a0 \u00a0 \u00a0 email:<\/strong><\/h5>\n<h5><strong>\u00a0 <a href=\"https:\/\/www.instagram.com\/fitano_club\/\"><img loading=\"lazy\" decoding=\"async\" class=\"wp-image-3168 alignnone\" src=\"http:\/\/www.fitano.cz\/wp-content\/uploads\/2020\/03\/The_Instagram_Logo-150x150.jpg\" alt=\"\" width=\"60\" height=\"60\" srcset=\"https:\/\/www.fitano.cz\/wp-content\/uploads\/2020\/03\/The_Instagram_Logo-150x150.jpg 150w, https:\/\/www.fitano.cz\/wp-content\/uploads\/2020\/03\/The_Instagram_Logo-300x298.jpg 300w, https:\/\/www.fitano.cz\/wp-content\/uploads\/2020\/03\/The_Instagram_Logo.jpg 516w\" sizes=\"auto, (max-width: 60px) 100vw, 60px\" \/><\/a>nebo <a href=\"https:\/\/www.facebook.com\/fitano.cz\/\"><img loading=\"lazy\" decoding=\"async\" class=\"alignnone wp-image-3170\" src=\"http:\/\/www.fitano.cz\/wp-content\/uploads\/2020\/03\/facebook_logos_PNG19756.png\" alt=\"\" width=\"50\" height=\"52\" srcset=\"https:\/\/www.fitano.cz\/wp-content\/uploads\/2020\/03\/facebook_logos_PNG19756.png 710w, https:\/\/www.fitano.cz\/wp-content\/uploads\/2020\/03\/facebook_logos_PNG19756-288x300.png 288w, https:\/\/www.fitano.cz\/wp-content\/uploads\/2020\/03\/facebook_logos_PNG19756-144x150.png 144w\" sizes=\"auto, (max-width: 50px) 100vw, 50px\" \/>\u00a0 \u00a0 \u00a0 \u00a0 \u00a0 \u00a0 \u00a0 \u00a0 \u00a0 \u00a0 \u00a0 \u00a0 \u00a0 <span style=\"color: #000000;\">+420 604 366 066\u00a0<\/span> \u00a0 \u00a0 \u00a0 \u00a0 \u00a0 \u00a0 \u00a0<span style=\"color: #000000;\"> info@fitano.cz<\/span><\/a><\/strong><\/h5>\n<h2><h2 id=\"tablepress-10-name\" class=\"tablepress-table-name tablepress-table-name-id-10\"><\/h2>\n\n<table id=\"tablepress-10\" class=\"tablepress tablepress-id-10\" aria-labelledby=\"tablepress-10-name\">\n<tbody class=\"row-striping row-hover\">\n<tr class=\"row-1\">\n\t<td class=\"column-1\">Objedn\u00e1vky SMS<\/td><td class=\"column-2\">Objedn\u00e1vky SMS<\/td><td class=\"column-3\">do 20 h. P\u0158EDCHOZ\u00cdHO DNE.<\/td>\n<\/tr>\n<tr class=\"row-2\">\n\t<td class=\"column-1\">Lekce se konaj\u00ed <\/td><td class=\"column-2\"> p\u0159i minim\u00e1ln\u00edm po\u010dtu<\/td><td class=\"column-3\">5 KLIENT\u016e.<\/td>\n<\/tr>\n<tr class=\"row-3\">\n\t<td class=\"column-1\">Pln\u00fd provoz za\u010d\u00edn\u00e1me <\/td><td class=\"column-2\">od 5.1. 2026<\/td><td class=\"column-3\">ve v\u0161ech t\u011blocvi\u010dn\u00e1ch.<\/td>\n<\/tr>\n<tr class=\"row-4\">\n\t<td class=\"column-1\">P\u00e1 17.4.  v 8:00 <\/td><td class=\"column-2\">BODY CLASS<\/td><td class=\"column-3\">SUNDARA studio \/m\u00edst: 10\/ voln\u00fdch: 5<\/td>\n<\/tr>\n<tr class=\"row-5\">\n\t<td class=\"column-1\">Po 20.4. v 8:15 <\/td><td class=\"column-2\">FITNESSDANCE CLASS<\/td><td class=\"column-3\">SUNDARA studio \/m\u00edst: 10\/ voln\u00fdch: 10<\/td>\n<\/tr>\n<tr class=\"row-6\">\n\t<td class=\"column-1\">Po 20.4. v 16:30 NECVI\u010c\u00cd SE<\/td><td class=\"column-2\">FITNESSDANCE CLASS<\/td><td class=\"column-3\">FIT&amp;FUN studio\/\/ mist; 16\/ voln\u00fdch: 16<\/td>\n<\/tr>\n<tr class=\"row-7\">\n\t<td class=\"column-1\">Po 20.4. v 18:45 <\/td><td class=\"column-2\">KRUHOV\u00dd TR\u00c9NINK<\/td><td class=\"column-3\">GYMN.O.HAVLOV\u00c9\/\/ m\u00edst: 15\/ voln\u00fdch:  15<\/td>\n<\/tr>\n<tr class=\"row-8\">\n\t<td class=\"column-1\">\u00dat 21.4. v 16:45<\/td><td class=\"column-2\">FULL BODY SCULPT<\/td><td class=\"column-3\">FIT&amp;FUN studio\/\/ mist: 16\/ voln\u00fdch: 16<\/td>\n<\/tr>\n<tr class=\"row-9\">\n\t<td class=\"column-1\">\u00dat 21.4. v 18:30<\/td><td class=\"column-2\">BODY WORKOUT<\/td><td class=\"column-3\">GYMN.O.HAVLOV\u00c9\/\/ m\u00edst: 16\/ voln\u00fdch:  16<\/td>\n<\/tr>\n<tr class=\"row-10\">\n\t<td class=\"column-1\">St 22.4. v 8:15 p\u0159esun na \u010ct 23.4.<\/td><td class=\"column-2\">FULL BODY SCULPT<\/td><td class=\"column-3\">SUNDARA studio \/m\u00edst: 10\/ voln\u00fdch: 10<\/td>\n<\/tr>\n<tr class=\"row-11\">\n\t<td class=\"column-1\">St 22.4. v 18:00<\/td><td class=\"column-2\">POSILOV\u00c1N\u00cd <\/td><td class=\"column-3\">Hala Bobrovn\u00edky provozuje SRA Hlu\u010d\u00edn<\/td>\n<\/tr>\n<tr class=\"row-12\">\n\t<td class=\"column-1\">St 22.4. v 19:00<\/td><td class=\"column-2\">J\u00d3GA<\/td><td class=\"column-3\">Hala Bobrovn\u00edky provozuje SRA Hlu\u010d\u00edn<\/td>\n<\/tr>\n<tr class=\"row-13\">\n\t<td class=\"column-1\">\u010ct  23.4. v 16:30<\/td><td class=\"column-2\">BODY CLASS<\/td><td class=\"column-3\">FIT&amp;FUN studio\/\/ mist; 16\/ voln\u00fdch: 9<\/td>\n<\/tr>\n<tr class=\"row-14\">\n\t<td class=\"column-1\">\u010ct 23.4. v 18:45 <\/td><td class=\"column-2\">POSILOV\u00c1N\u00cd s TRX<\/td><td class=\"column-3\">GYMN.O.HAVLOV\u00c9\/\/ m\u00edst: 15\/ voln\u00fdch:  10<\/td>\n<\/tr>\n<tr class=\"row-15\">\n\t<td class=\"column-1\">P\u00e1 24.4. ZA\u010c\u00c1TEK v 15:00<\/td><td class=\"column-2\">Challenge na IN-LINECH pro d\u011bti<\/td><td class=\"column-3\">FERONA obsazeno:  3 m\u00edsta<\/td>\n<\/tr>\n<tr class=\"row-16\">\n\t<td class=\"column-1\">P\u00e1 24.4. ZA\u010c\u00c1TEK v 16:00<\/td><td class=\"column-2\">Challenge na IN-LINECH pro dosp\u011bl\u00e9<\/td><td class=\"column-3\">FERONA obsazeno:  3 m\u00edsta<\/td>\n<\/tr>\n<\/tbody>\n<\/table>\n<!-- #tablepress-10 from cache --><\/h2>\n<p><span style=\"color: #000000;\">Studio <strong>SUNDARA<\/strong>\u00a0 &#8211; s\u00e1l na cvi\u010den\u00ed je klimatizov\u00e1n, \u0161atna, sprchy, WC.<\/span><\/p>\n<p><span style=\"color: #000000;\">Studio <strong>FIT FUN\u00a0<\/strong> &#8211; s\u00e1l se vzduchotechnikou, \u0161atna, sprchy, WC.<\/span><\/p>\n<p><span style=\"color: #000000;\">T\u011blocvi\u010dny<strong> GYMN\u00c1ZIA <\/strong>O. Havlov\u00e9 &#8211; ventil\u00e1tory na v\u00fdm\u011bnu vzduchu, \u0161atna, sprchy, WC.<\/span><\/p>\n<p><span style=\"color: #000000;\">V<\/span><span style=\"color: #000000;\">stup na <strong>GYMN\u00c1ZIUM <\/strong><\/span><span style=\"color: #000000;\">bo\u010dn\u00edm vchodem brankou v plot\u011b u venkovn\u00edho h\u0159i\u0161t\u011b (ze strany budovy Arm\u00e1dy sp\u00e1sy). <\/span><\/p>\n<p><span style=\"color: #000000;\">Vstup do t\u011blocvi\u010dny <strong>GYMN\u00c1ZIA <\/strong>hn\u011bd\u00e9 dve\u0159e vedle t\u011blocvi\u010dny vlevo, zvonek u dve\u0159\u00ed. <strong>Zvo\u0148te 15 min. p\u0159ed lekc\u00ed.<\/strong><\/span><\/p>\n<h4><a style=\"font-size: revert; font-weight: revert;\" href=\"http:\/\/www.fitano.cz\/?page_id=802\">CEL\u00dd ROZPIS CVI\u010cEN\u00cd<\/a><\/h4>\n<\/p>\n\n\n<figure class=\"wp-block-image size-full\"><img loading=\"lazy\" decoding=\"async\" width=\"1000\" height=\"357\" src=\"http:\/\/www.fitano.cz\/wp-content\/uploads\/2024\/01\/sama-doma.png\" alt=\"\" class=\"wp-image-7124\" srcset=\"https:\/\/www.fitano.cz\/wp-content\/uploads\/2024\/01\/sama-doma.png 1000w, https:\/\/www.fitano.cz\/wp-content\/uploads\/2024\/01\/sama-doma-300x107.png 300w, https:\/\/www.fitano.cz\/wp-content\/uploads\/2024\/01\/sama-doma-150x54.png 150w, https:\/\/www.fitano.cz\/wp-content\/uploads\/2024\/01\/sama-doma-768x274.png 768w\" sizes=\"auto, (max-width: 1000px) 100vw, 1000px\" \/><\/figure>\n\n\n<figure class=\"wp-block-image size-full\"><\/figure>\n<h6><strong style=\"color: revert; font-size: revert; font-family: -apple-system, BlinkMacSystemFont, 'Segoe UI', Roboto, Oxygen-Sans, Ubuntu, Cantarell, 'Helvetica Neue', sans-serif;\">P\u0158IJ\u00cdM\u00c1ME KARTY BENEFIT PLUS a EDENRED:<\/strong><\/h6>\n<h6 class=\"text\"><strong>U programu Benefit plus a Edenred lze pouze s vyti\u0161t\u011bnou objedn\u00e1vkou. <\/strong><strong>Nelze platit p\u0159es termin\u00e1l.\u00a0<\/strong><\/h6>\n<h6><img loading=\"lazy\" decoding=\"async\" class=\"size-full wp-image-2501 aligncenter\" src=\"http:\/\/www.fitano.cz\/wp-content\/uploads\/2019\/05\/karty-700x250.jpg\" alt=\"\" width=\"700\" height=\"250\" srcset=\"https:\/\/www.fitano.cz\/wp-content\/uploads\/2019\/05\/karty-700x250.jpg 700w, https:\/\/www.fitano.cz\/wp-content\/uploads\/2019\/05\/karty-700x250-150x54.jpg 150w, https:\/\/www.fitano.cz\/wp-content\/uploads\/2019\/05\/karty-700x250-300x107.jpg 300w\" sizes=\"auto, (max-width: 700px) 100vw, 700px\" \/><\/h6>\n\n\n<h5 class=\"wp-block-heading has-text-align-center\" id=\"sportovni-agentura-fitano-club\"><strong>SPORTOVN\u00cd AGENTURA FITANO CLUB<\/strong><\/h5>\n\n\n\n<h5 class=\"wp-block-heading has-text-align-center\" id=\"sportovni-agentura-fitano-club\">Mgr. Mark\u00e9ta Stoklasov\u00e1<strong><br><\/strong>Ale\u0161e Hrdli\u010dky 1632\/16<br>708 00 Ostrava &#8211; Poruba<br>telefon: 604 366 066<br>e mail: info@fitano.cz<br>facebook: <a href=\"http:\/\/www.facebook.com\/marketa.stoklasova\">www.facebook.com\/marketa.stoklasova<\/a><\/h5>\n\n\n\n<h5 class=\"wp-block-heading has-text-align-center\">Chce\u0161 platit?<br>Sta\u010d\u00ed doplnit \u010d\u00e1stku, kterou m\u00e1\u0161 uhradit.<br>ZDE<br>QR k\u00f3d s bankovn\u00edmi \u00fadaji:<\/h5>\n\n\n\n<h5 class=\"wp-block-heading has-text-align-center\"><img loading=\"lazy\" decoding=\"async\" src=\"http:\/\/www.fitano.cz\/wp-content\/uploads\/2025\/01\/IMG-20250123-WA0001.jpg\" alt=\"\" width=\"228\" height=\"228\" srcset=\"https:\/\/www.fitano.cz\/wp-content\/uploads\/2025\/01\/IMG-20250123-WA0001.jpg 450w, https:\/\/www.fitano.cz\/wp-content\/uploads\/2025\/01\/IMG-20250123-WA0001-300x300.jpg 300w, https:\/\/www.fitano.cz\/wp-content\/uploads\/2025\/01\/IMG-20250123-WA0001-150x150.jpg 150w\"><\/h5>\n","protected":false},"excerpt":{"rendered":"<p>On line lekce najdete na YouTube kan\u00e1le\/FITANO club. p\u0159ipojit se m\u016f\u017eete p\u0159es:\u00a0 \u00a0 \u00a0 \u00a0 \u00a0 \u00a0 \u00a0 \u00a0 \u00a0 \u00a0 \u00a0 \u00a0 \u00a0 \u00a0 \u00a0 \u00a0 \u00a0 \u00a0telefon:\u00a0 \u00a0 [&hellip;]<\/p>\n","protected":false},"author":1,"featured_media":0,"parent":0,"menu_order":0,"comment_status":"closed","ping_status":"closed","template":"","meta":{"_monsterinsights_skip_tracking":false,"_monsterinsights_sitenote_active":false,"_monsterinsights_sitenote_note":"","_monsterinsights_sitenote_category":0,"footnotes":""},"class_list":["post-2","page","type-page","status-publish","hentry"],"_links":{"self":[{"href":"https:\/\/www.fitano.cz\/index.php?rest_route=\/wp\/v2\/pages\/2","targetHints":{"allow":["GET"]}}],"collection":[{"href":"https:\/\/www.fitano.cz\/index.php?rest_route=\/wp\/v2\/pages"}],"about":[{"href":"https:\/\/www.fitano.cz\/index.php?rest_route=\/wp\/v2\/types\/page"}],"author":[{"embeddable":true,"href":"https:\/\/www.fitano.cz\/index.php?rest_route=\/wp\/v2\/users\/1"}],"replies":[{"embeddable":true,"href":"https:\/\/www.fitano.cz\/index.php?rest_route=%2Fwp%2Fv2%2Fcomments&post=2"}],"version-history":[{"count":646,"href":"https:\/\/www.fitano.cz\/index.php?rest_route=\/wp\/v2\/pages\/2\/revisions"}],"predecessor-version":[{"id":8245,"href":"https:\/\/www.fitano.cz\/index.php?rest_route=\/wp\/v2\/pages\/2\/revisions\/8245"}],"wp:attachment":[{"href":"https:\/\/www.fitano.cz\/index.php?rest_route=%2Fwp%2Fv2%2Fmedia&parent=2"}],"curies":[{"name":"wp","href":"https:\/\/api.w.org\/{rel}","templated":true}]}}